{"id":1150,"date":"2025-11-27T08:48:06","date_gmt":"2025-11-27T08:48:06","guid":{"rendered":"https:\/\/buketoutlet.com\/?page_id=1150"},"modified":"2025-11-27T09:02:30","modified_gmt":"2025-11-27T09:02:30","slug":"iletisim","status":"publish","type":"page","link":"https:\/\/buketoutlet.com\/index.php\/iletisim\/","title":{"rendered":"\u0130leti\u015fim"},"content":{"rendered":"\t\t<div data-elementor-type=\"wp-page\" data-elementor-id=\"1150\" class=\"elementor elementor-1150\">\n\t\t\t\t<div class=\"elementor-element elementor-element-324257a3 e-flex e-con-boxed e-con e-parent\" data-id=\"324257a3\" data-element_type=\"container\" data-e-type=\"container\">\n\t\t\t\t\t<div class=\"e-con-inner\">\n\t\t\t\t<div class=\"elementor-element elementor-element-f5bf91a elementor-widget elementor-widget-text-editor\" data-id=\"f5bf91a\" data-element_type=\"widget\" data-e-type=\"widget\" data-widget_type=\"text-editor.default\">\n\t\t\t\t\t\t\t\t\t<div class=\"buket-contact-container\">\n\n  <h1 class=\"buket-contact-title\">\u0130leti\u015fim \u2013 Buket Outlet<\/h1>\n\n  <p>Sorular\u0131n\u0131z, \u00f6nerileriniz veya destek talepleriniz i\u00e7in bize kolayca ula\u015fabilirsiniz. M\u00fc\u015fteri temsilcilerimiz size h\u0131zl\u0131 ve \u00e7\u00f6z\u00fcm odakl\u0131 \u015fekilde yard\u0131mc\u0131 olacakt\u0131r.<\/p>\n\n  <div class=\"buket-contact-section\">\n    <h2>Telefon &#038; WhatsApp<\/h2>\n    <p><strong>Telefon:<\/strong> <a href=\"tel:+905511761424\" class=\"buket-contact\">+90 551 176 14 24<\/a><br>\n       <strong>WhatsApp:<\/strong> <a href=\"https:\/\/wa.me\/905511761424\" target=\"_blank\" class=\"buket-contact\">+90 551 176 14 24<\/a><\/p>\n  <\/div>\n\n  <div class=\"buket-contact-section\">\n    <h2>E-posta<\/h2>\n    <p><a href=\"mailto:info@buketoutlet.com\" class=\"buket-contact\">info@buketoutlet.com<\/a><\/p>\n  <\/div>\n\n  <div class=\"buket-contact-section\">\n    <h2>Adresimiz<\/h2>\n    <p><span class=\"buket-contact\">\u0130STANBUL \/ K\u00dc\u00c7\u00dcK\u00c7EKMECE, \u0130N\u00d6N\u00dc MAHALLES\u0130, S\u0130NOP SOKAK NO: 2\/A<\/span><\/p>\n  <\/div>\n\n  <div class=\"buket-contact-section\">\n    <h2>Harita<\/h2>\n    <div class=\"buket-map\">\n      <iframe \n        src=\"https:\/\/www.google.com\/maps\/embed?pb=!1m18!1m12!1m3!1d12094.123456789!2d28.7412345!3d41.0098765!2m3!1f0!2f0!3f0!3m2!1i1024!2i768!4f13.1!3m3!1m2!1s0x14cab123456789%3A0xabcdef123456789!2sSinop%20Sokak%202%2FA%2C%20K\u00fc\u00e7\u00fck\u00e7ekmece%2C%20\u0130stanbul!5e0!3m2!1str!2str!4v1699999999999!5m2!1str!2str\" \n        width=\"100%\" \n        height=\"400\" \n        style=\"border:0;\" \n        allowfullscreen=\"\" \n        loading=\"lazy\" \n        referrerpolicy=\"no-referrer-when-downgrade\">\n      <\/iframe>\n    <\/div>\n  <\/div>\n\n<\/div>\n\n<style>\n.buket-contact-container { max-width: 900px; margin: auto; font-family: Arial, sans-serif; line-height: 1.7; color: #333; padding: 20px; }\n.buket-contact-title { color: #FF6600; text-align: center; margin-bottom: 25px; }\n.buket-contact-section { margin-top: 20px; }\n.buket-contact-section h2 { color: #FF6600; margin-bottom: 10px; }\n.buket-contact { color: #FF6600; font-weight: bold; text-decoration: none; }\n.buket-contact:hover { text-decoration: underline; }\n.buket-map { width: 100%; height: 400px; margin-top: 10px; border-radius: 8px; overflow: hidden; }\n<\/style>\n\t\t\t\t\t\t\t\t<\/div>\n\t\t\t\t\t<\/div>\n\t\t\t\t<\/div>\n\t\t\t\t<\/div>\n\t\t","protected":false},"excerpt":{"rendered":"<p>\u0130leti\u015fim \u2013 Buket Outlet Sorular\u0131n\u0131z, \u00f6nerileriniz veya destek talepleriniz i\u00e7in bize kolayca ula\u015fabilirsiniz. M\u00fc\u015fteri temsilcilerimiz size h\u0131zl\u0131 ve \u00e7\u00f6z\u00fcm odakl\u0131 \u015fekilde yard\u0131mc\u0131 olacakt\u0131r. Telefon &#038; WhatsApp Telefon: +90 551 176 14 24 WhatsApp: +90 551&hellip;<\/p>\n","protected":false},"author":1,"featured_media":0,"parent":0,"menu_order":0,"comment_status":"closed","ping_status":"closed","template":"","meta":{"footnotes":""},"class_list":["post-1150","page","type-page","status-publish","hentry"],"jetpack_sharing_enabled":true,"_links":{"self":[{"href":"https:\/\/buketoutlet.com\/index.php\/wp-json\/wp\/v2\/pages\/1150","targetHints":{"allow":["GET"]}}],"collection":[{"href":"https:\/\/buketoutlet.com\/index.php\/wp-json\/wp\/v2\/pages"}],"about":[{"href":"https:\/\/buketoutlet.com\/index.php\/wp-json\/wp\/v2\/types\/page"}],"author":[{"embeddable":true,"href":"https:\/\/buketoutlet.com\/index.php\/wp-json\/wp\/v2\/users\/1"}],"replies":[{"embeddable":true,"href":"https:\/\/buketoutlet.com\/index.php\/wp-json\/wp\/v2\/comments?post=1150"}],"version-history":[{"count":10,"href":"https:\/\/buketoutlet.com\/index.php\/wp-json\/wp\/v2\/pages\/1150\/revisions"}],"predecessor-version":[{"id":1175,"href":"https:\/\/buketoutlet.com\/index.php\/wp-json\/wp\/v2\/pages\/1150\/revisions\/1175"}],"wp:attachment":[{"href":"https:\/\/buketoutlet.com\/index.php\/wp-json\/wp\/v2\/media?parent=1150"}],"curies":[{"name":"wp","href":"https:\/\/api.w.org\/{rel}","templated":true}]}}